{"id":1071,"date":"2022-05-21T20:05:10","date_gmt":"2022-05-21T20:05:10","guid":{"rendered":"http:\/\/www.sevinckorkuluk.com\/?page_id=1071"},"modified":"2022-06-27T15:56:00","modified_gmt":"2022-06-27T15:56:00","slug":"bahce-cit-sistemleri","status":"publish","type":"page","link":"http:\/\/www.sevinckorkuluk.com\/?page_id=1071","title":{"rendered":"Bah\u00e7e \u00c7it Sistemleri"},"content":{"rendered":"\n<section id=\"gm1575e3f\" class=\"wp-block-gutentor-m3 section-gm1575e3f gutentor-module gutentor-container-cover has-color-bg has-custom-bg\"><div class=\"grid-container\">\n<div id=\"section-g325332\" class=\"wp-block-gutentor-e1 section-g325332 gutentor-element gutentor-element-advanced-text text-align-center-desktop text-align-center-tablet text-align-center-mobile\"><div class=\"gutentor-text-wrap\"><h2 class=\"gutentor-text\">Bah\u00e7e \u00c7it Sistemleri<\/h2><\/div><\/div>\n<\/div><\/section>\n\n\n\n<div style=\"height:80px\" aria-hidden=\"true\" class=\"wp-block-spacer\"><\/div>\n\n\n\n<div class=\"wp-block-group\"><div class=\"wp-block-group__inner-container is-layout-flow wp-block-group-is-layout-flow\">\n<div class=\"wp-block-group\"><div class=\"wp-block-group__inner-container is-layout-flow wp-block-group-is-layout-flow\">\n<section id=\"section-d5a53795-cea9-473f-9ff9-008da1fa8f4e\" class=\"wp-block-gutentor-gallery gutentor-section gutentor-gallery gutentor-gallery-wrapper enable-masonry gallery-template1\"><div class=\"grid-container\"><div class=\"gutentor-block-header\"><div class=\"gutentor-section-title enable-title-design seperator-bottom text-center\"><h2 class=\"gutentor-title\">Bah\u00e7e \u00c7it Sistemleri<\/h2><\/div><\/div><div class=\"grid-row gutentor-grid-item-wrap full-width-row\"><div class=\"gutentor-gallery-item grid-lg-4 grid-md-4 grid-12\"><div class=\"gutentor-single-item gutentor-image gutentor-single-item-0\"><div class=\"gutentor-gallery-item-wrap\"><div class=\"gutentor-single-item-image-box\"><div class=\"gutentor-image-thumb\"><img fetchpriority=\"high\" decoding=\"async\" class=\"normal-image\" src=\"http:\/\/www.sevinckorkuluk.com\/wp-content\/uploads\/2022\/05\/2-3.png\" alt=\"\" height=\"1080\" width=\"1080\" \/><\/div><\/div><div class=\"gutentor-single-item-content\"><div class=\"gutentor-gallery-item-header\"><a href=\"http:\/\/www.sevinckorkuluk.com\/wp-content\/uploads\/2022\/05\/2-3.png\" class=\"image-gallery\"><i class=\"gallery-icon fas fa-search\"><\/i><\/a><\/div><div class=\"gutentor-gallery-item-desc\"><\/div><\/div><\/div><\/div><\/div><div class=\"gutentor-gallery-item grid-lg-4 grid-md-4 grid-12\"><div class=\"gutentor-single-item gutentor-image gutentor-single-item-1\"><div class=\"gutentor-gallery-item-wrap\"><div class=\"gutentor-single-item-image-box\"><div class=\"gutentor-image-thumb\"><img decoding=\"async\" class=\"normal-image\" src=\"http:\/\/www.sevinckorkuluk.com\/wp-content\/uploads\/2022\/05\/1-3.png\" alt=\"\" height=\"1080\" width=\"1080\" \/><\/div><\/div><div class=\"gutentor-single-item-content\"><div class=\"gutentor-gallery-item-header\"><a href=\"http:\/\/www.sevinckorkuluk.com\/wp-content\/uploads\/2022\/05\/1-3.png\" class=\"image-gallery\"><i class=\"gallery-icon fas fa-search\"><\/i><\/a><\/div><div class=\"gutentor-gallery-item-desc\"><\/div><\/div><\/div><\/div><\/div><\/div><\/div><\/section>\n<\/div><\/div>\n<\/div><\/div>\n\n\n\n<section id=\"section-0513c2b3-bb11-4e0e-b1c3-c6bee451da2c\" class=\"wp-block-gutentor-advanced-columns gutentor-section gutentor-advanced-columns has-color-bg has-custom-bg\"><div class=\"grid-container\"><div class=\"grid-row\">\n<div id=\"section-4c5e958a-aa0b-4ed3-b409-60ce643fe968\" class=\"wp-block-gutentor-single-column gutentor-single-column  grid-lg-8 grid-md-8 grid-12\">\n<section id=\"section-b11948bd-260f-4cd3-bf90-c095792f3a4b\" class=\"wp-block-gutentor-content-box gutentor-section gutentor-content-box-wrapper content-template1\"><div class=\"grid-container gutentor-rm-ct-space\"><div class=\"grid-row gutentor-grid-item-wrap gutentor-rm-row-space\"><div class=\"gutentor-grid-column grid-lg-12 grid-md-12 grid-12 gutentor-rm-col-space\"><div class=\"gutentor-single-item gutentor-single-item-0\"><div class=\"gutentor-single-item-wrap\"><div class=\"gutentor-single-item-content\"><h3 class=\"gutentor-single-item-title\">S\u0130ZE \u00d6ZEL F\u0130YAT TEKL\u0130F\u0130<\/h3><p class=\"gutentor-single-item-desc\">Size \u00f6zel tekliflerden ve f\u0131rsatlardan haberdar olmak i\u00e7in bize ula\u015fabilirsiniz\u2026<\/p><\/div><\/div><\/div><\/div><\/div><\/div><\/section>\n\n\n\n<p><\/p>\n<\/div>\n\n\n\n<div id=\"section-4f6b03bc-5bdd-4838-a661-37d5f9536da3\" class=\"wp-block-gutentor-single-column gutentor-single-column  grid-lg-4 grid-md-4 grid-12\">\n<div id=\"section-e3c6d814-a24d-4df9-84ec-5a4744e88e5d\" class=\"wp-block-gutentor-content-box gutentor-section gutentor-content-box-wrapper content-template1 has-color-bg has-custom-bg has-gutentor-overlay\"><div class=\"grid-container gutentor-rm-ct-space\"><div class=\"grid-row gutentor-grid-item-wrap gutentor-rm-row-space\"><div class=\"gutentor-grid-column grid-lg-12 grid-md-12 grid-12 gutentor-rm-col-space\"><div class=\"gutentor-single-item gutentor-single-item-0\"><div class=\"gutentor-single-item-wrap\"><div class=\"gutentor-single-item-content\"><a class=\"gutentor-button gutentor-single-item-button gutentor-icon-hide\" href=\"http:\/\/www.sevinckorkuluk.com\/?page_id=579\" rel=\"http:\/\/www.sevinckorkuluk.com\/fiyat-teklifi\/\"><i class=\"gutentor-button-icon fas fa-book\"><\/i><span>TEKL\u0130F AL<\/span><\/a><\/div><\/div><\/div><\/div><\/div><\/div><\/div>\n<\/div>\n<\/div><\/div><\/section>\n\n\n\n<hr class=\"wp-block-separator has-css-opacity\"\/>\n\n\n\n<div style=\"height:100px\" aria-hidden=\"true\" class=\"wp-block-spacer\"><\/div>\n","protected":false},"excerpt":{"rendered":"","protected":false},"author":1,"featured_media":0,"parent":0,"menu_order":0,"comment_status":"closed","ping_status":"closed","template":"template-gutentor-full-width.php","meta":{"footnotes":""},"class_list":["post-1071","page","type-page","status-publish","hentry"],"_links":{"self":[{"href":"http:\/\/www.sevinckorkuluk.com\/index.php?rest_route=\/wp\/v2\/pages\/1071","targetHints":{"allow":["GET"]}}],"collection":[{"href":"http:\/\/www.sevinckorkuluk.com\/index.php?rest_route=\/wp\/v2\/pages"}],"about":[{"href":"http:\/\/www.sevinckorkuluk.com\/index.php?rest_route=\/wp\/v2\/types\/page"}],"author":[{"embeddable":true,"href":"http:\/\/www.sevinckorkuluk.com\/index.php?rest_route=\/wp\/v2\/users\/1"}],"replies":[{"embeddable":true,"href":"http:\/\/www.sevinckorkuluk.com\/index.php?rest_route=%2Fwp%2Fv2%2Fcomments&post=1071"}],"version-history":[{"count":0,"href":"http:\/\/www.sevinckorkuluk.com\/index.php?rest_route=\/wp\/v2\/pages\/1071\/revisions"}],"wp:attachment":[{"href":"http:\/\/www.sevinckorkuluk.com\/index.php?rest_route=%2Fwp%2Fv2%2Fmedia&parent=1071"}],"curies":[{"name":"wp","href":"https:\/\/api.w.org\/{rel}","templated":true}]}}