{"id":1077,"date":"2022-05-21T20:06:47","date_gmt":"2022-05-21T20:06:47","guid":{"rendered":"http:\/\/www.sevinckorkuluk.com\/?page_id=1077"},"modified":"2022-05-21T20:14:25","modified_gmt":"2022-05-21T20:14:25","slug":"yatay-barli-sistem","status":"publish","type":"page","link":"http:\/\/www.sevinckorkuluk.com\/?page_id=1077","title":{"rendered":"Yatay Barl\u0131 Sistem"},"content":{"rendered":"\n<section id=\"gm911be23\" class=\"wp-block-gutentor-m3 section-gm911be23 gutentor-module gutentor-container-cover has-color-bg has-custom-bg\"><div class=\"grid-container\">\n<div id=\"section-g0b3d9b\" class=\"wp-block-gutentor-e1 section-g0b3d9b gutentor-element gutentor-element-advanced-text text-align-center-desktop text-align-center-tablet text-align-center-mobile\"><div class=\"gutentor-text-wrap\"><h2 class=\"gutentor-text\">Yatay Barl\u0131 Sistem<\/h2><\/div><\/div>\n<\/div><\/section>\n\n\n\n<div style=\"height:80px\" aria-hidden=\"true\" class=\"wp-block-spacer\"><\/div>\n\n\n\n<div class=\"wp-block-group\"><div class=\"wp-block-group__inner-container is-layout-flow wp-block-group-is-layout-flow\">\n<div class=\"wp-block-group\"><div class=\"wp-block-group__inner-container is-layout-flow wp-block-group-is-layout-flow\">\n<section id=\"section-1c322ca5-048c-43b4-bc7d-92e2e727b221\" class=\"wp-block-gutentor-gallery gutentor-section gutentor-gallery gutentor-gallery-wrapper enable-masonry gallery-template1\"><div class=\"grid-container\"><div class=\"gutentor-block-header\"><div class=\"gutentor-section-title enable-title-design seperator-bottom text-center\"><h2 class=\"gutentor-title\">Yatay Barl\u0131 Sistem<\/h2><\/div><\/div><div class=\"grid-row gutentor-grid-item-wrap full-width-row\"><div class=\"gutentor-gallery-item grid-lg-4 grid-md-4 grid-12\"><div class=\"gutentor-single-item gutentor-image gutentor-single-item-0\"><div class=\"gutentor-gallery-item-wrap\"><div class=\"gutentor-single-item-image-box\"><div class=\"gutentor-image-thumb\"><img decoding=\"async\" class=\"normal-image\" src=\"http:\/\/www.sevinckorkuluk.com\/wp-content\/uploads\/2022\/05\/1.png\" alt=\"\" \/><\/div><\/div><div class=\"gutentor-single-item-content\"><div class=\"gutentor-gallery-item-header\"><a href=\"http:\/\/www.sevinckorkuluk.com\/wp-content\/uploads\/2022\/05\/1.png\" class=\"image-gallery\"><i class=\"gallery-icon fas fa-search\"><\/i><\/a><\/div><div class=\"gutentor-gallery-item-desc\"><\/div><\/div><\/div><\/div><\/div><div class=\"gutentor-gallery-item grid-lg-4 grid-md-4 grid-12\"><div class=\"gutentor-single-item gutentor-image gutentor-single-item-1\"><div class=\"gutentor-gallery-item-wrap\"><div class=\"gutentor-single-item-image-box\"><div class=\"gutentor-image-thumb\"><img decoding=\"async\" class=\"normal-image\" src=\"http:\/\/www.sevinckorkuluk.com\/wp-content\/uploads\/2022\/05\/2.png\" alt=\"\" \/><\/div><\/div><div class=\"gutentor-single-item-content\"><div class=\"gutentor-gallery-item-header\"><a href=\"http:\/\/www.sevinckorkuluk.com\/wp-content\/uploads\/2022\/05\/2.png\" class=\"image-gallery\"><i class=\"gallery-icon fas fa-search\"><\/i><\/a><\/div><div class=\"gutentor-gallery-item-desc\"><\/div><\/div><\/div><\/div><\/div><div class=\"gutentor-gallery-item grid-lg-4 grid-md-4 grid-12\"><div class=\"gutentor-single-item gutentor-image gutentor-single-item-2\"><div class=\"gutentor-gallery-item-wrap\"><div class=\"gutentor-single-item-image-box\"><div class=\"gutentor-image-thumb\"><img decoding=\"async\" class=\"normal-image\" src=\"http:\/\/www.sevinckorkuluk.com\/wp-content\/uploads\/2022\/05\/3-1.png\" alt=\"\" \/><\/div><\/div><div class=\"gutentor-single-item-content\"><div class=\"gutentor-gallery-item-header\"><a href=\"http:\/\/www.sevinckorkuluk.com\/wp-content\/uploads\/2022\/05\/3-1.png\" class=\"image-gallery\"><i class=\"gallery-icon fas fa-search\"><\/i><\/a><\/div><div class=\"gutentor-gallery-item-desc\"><\/div><\/div><\/div><\/div><\/div><div class=\"gutentor-gallery-item grid-lg-4 grid-md-4 grid-12\"><div class=\"gutentor-single-item gutentor-image gutentor-single-item-3\"><div class=\"gutentor-gallery-item-wrap\"><div class=\"gutentor-single-item-image-box\"><div class=\"gutentor-image-thumb\"><img decoding=\"async\" class=\"normal-image\" src=\"http:\/\/www.sevinckorkuluk.com\/wp-content\/uploads\/2022\/05\/4-1.png\" alt=\"\" \/><\/div><\/div><div class=\"gutentor-single-item-content\"><div class=\"gutentor-gallery-item-header\"><a href=\"http:\/\/www.sevinckorkuluk.com\/wp-content\/uploads\/2022\/05\/4-1.png\" class=\"image-gallery\"><i class=\"gallery-icon fas fa-search\"><\/i><\/a><\/div><div class=\"gutentor-gallery-item-desc\"><\/div><\/div><\/div><\/div><\/div><div class=\"gutentor-gallery-item grid-lg-4 grid-md-4 grid-12\"><div class=\"gutentor-single-item gutentor-image gutentor-single-item-4\"><div class=\"gutentor-gallery-item-wrap\"><div class=\"gutentor-single-item-image-box\"><div class=\"gutentor-image-thumb\"><img decoding=\"async\" class=\"normal-image\" src=\"http:\/\/www.sevinckorkuluk.com\/wp-content\/uploads\/2022\/05\/5-1.png\" alt=\"\" \/><\/div><\/div><div class=\"gutentor-single-item-content\"><div class=\"gutentor-gallery-item-header\"><a href=\"http:\/\/www.sevinckorkuluk.com\/wp-content\/uploads\/2022\/05\/5-1.png\" class=\"image-gallery\"><i class=\"gallery-icon fas fa-search\"><\/i><\/a><\/div><div class=\"gutentor-gallery-item-desc\"><\/div><\/div><\/div><\/div><\/div><div class=\"gutentor-gallery-item grid-lg-4 grid-md-4 grid-12\"><div class=\"gutentor-single-item gutentor-image gutentor-single-item-5\"><div class=\"gutentor-gallery-item-wrap\"><div class=\"gutentor-single-item-image-box\"><div class=\"gutentor-image-thumb\"><img decoding=\"async\" class=\"normal-image\" src=\"http:\/\/www.sevinckorkuluk.com\/wp-content\/uploads\/2022\/05\/6-2.png\" alt=\"\" \/><\/div><\/div><div class=\"gutentor-single-item-content\"><div class=\"gutentor-gallery-item-header\"><a href=\"http:\/\/www.sevinckorkuluk.com\/wp-content\/uploads\/2022\/05\/6-2.png\" class=\"image-gallery\"><i class=\"gallery-icon fas fa-search\"><\/i><\/a><\/div><div class=\"gutentor-gallery-item-desc\"><\/div><\/div><\/div><\/div><\/div><div class=\"gutentor-gallery-item grid-lg-4 grid-md-4 grid-12\"><div class=\"gutentor-single-item gutentor-image gutentor-single-item-6\"><div class=\"gutentor-gallery-item-wrap\"><div class=\"gutentor-single-item-image-box\"><div class=\"gutentor-image-thumb\"><img decoding=\"async\" class=\"normal-image\" src=\"http:\/\/www.sevinckorkuluk.com\/wp-content\/uploads\/2022\/05\/7-1.png\" alt=\"\" \/><\/div><\/div><div class=\"gutentor-single-item-content\"><div class=\"gutentor-gallery-item-header\"><a href=\"http:\/\/www.sevinckorkuluk.com\/wp-content\/uploads\/2022\/05\/7-1.png\" class=\"image-gallery\"><i class=\"gallery-icon fas fa-search\"><\/i><\/a><\/div><div class=\"gutentor-gallery-item-desc\"><\/div><\/div><\/div><\/div><\/div><div class=\"gutentor-gallery-item grid-lg-4 grid-md-4 grid-12\"><div class=\"gutentor-single-item gutentor-image gutentor-single-item-7\"><div class=\"gutentor-gallery-item-wrap\"><div class=\"gutentor-single-item-image-box\"><div class=\"gutentor-image-thumb\"><img decoding=\"async\" class=\"normal-image\" src=\"http:\/\/www.sevinckorkuluk.com\/wp-content\/uploads\/2022\/05\/8-1.png\" alt=\"\" \/><\/div><\/div><div class=\"gutentor-single-item-content\"><div class=\"gutentor-gallery-item-header\"><a href=\"http:\/\/www.sevinckorkuluk.com\/wp-content\/uploads\/2022\/05\/8-1.png\" class=\"image-gallery\"><i class=\"gallery-icon fas fa-search\"><\/i><\/a><\/div><div class=\"gutentor-gallery-item-desc\"><\/div><\/div><\/div><\/div><\/div><div class=\"gutentor-gallery-item grid-lg-4 grid-md-4 grid-12\"><div class=\"gutentor-single-item gutentor-image gutentor-single-item-8\"><div class=\"gutentor-gallery-item-wrap\"><div class=\"gutentor-single-item-image-box\"><div class=\"gutentor-image-thumb\"><img decoding=\"async\" class=\"normal-image\" src=\"http:\/\/www.sevinckorkuluk.com\/wp-content\/uploads\/2022\/05\/9-1.png\" alt=\"\" \/><\/div><\/div><div class=\"gutentor-single-item-content\"><div class=\"gutentor-gallery-item-header\"><a href=\"http:\/\/www.sevinckorkuluk.com\/wp-content\/uploads\/2022\/05\/9-1.png\" class=\"image-gallery\"><i class=\"gallery-icon fas fa-search\"><\/i><\/a><\/div><div class=\"gutentor-gallery-item-desc\"><\/div><\/div><\/div><\/div><\/div><div class=\"gutentor-gallery-item grid-lg-4 grid-md-4 grid-12\"><div class=\"gutentor-single-item gutentor-image gutentor-single-item-9\"><div class=\"gutentor-gallery-item-wrap\"><div class=\"gutentor-single-item-image-box\"><div class=\"gutentor-image-thumb\"><img decoding=\"async\" class=\"normal-image\" src=\"http:\/\/www.sevinckorkuluk.com\/wp-content\/uploads\/2022\/05\/10-1.png\" alt=\"\" \/><\/div><\/div><div class=\"gutentor-single-item-content\"><div class=\"gutentor-gallery-item-header\"><a href=\"http:\/\/www.sevinckorkuluk.com\/wp-content\/uploads\/2022\/05\/10-1.png\" class=\"image-gallery\"><i class=\"gallery-icon fas fa-search\"><\/i><\/a><\/div><div class=\"gutentor-gallery-item-desc\"><\/div><\/div><\/div><\/div><\/div><div class=\"gutentor-gallery-item grid-lg-4 grid-md-4 grid-12\"><div class=\"gutentor-single-item gutentor-image gutentor-single-item-10\"><div class=\"gutentor-gallery-item-wrap\"><div class=\"gutentor-single-item-image-box\"><div class=\"gutentor-image-thumb\"><img decoding=\"async\" class=\"normal-image\" src=\"http:\/\/www.sevinckorkuluk.com\/wp-content\/uploads\/2022\/05\/11-2.png\" alt=\"\" \/><\/div><\/div><div class=\"gutentor-single-item-content\"><div class=\"gutentor-gallery-item-header\"><a href=\"http:\/\/www.sevinckorkuluk.com\/wp-content\/uploads\/2022\/05\/11-2.png\" class=\"image-gallery\"><i class=\"gallery-icon fas fa-search\"><\/i><\/a><\/div><div class=\"gutentor-gallery-item-desc\"><\/div><\/div><\/div><\/div><\/div><\/div><\/div><\/section>\n<\/div><\/div>\n<\/div><\/div>\n\n\n\n<section id=\"section-0c5f35ef-cfbc-4aa5-be5a-16ac8e167148\" class=\"wp-block-gutentor-advanced-columns gutentor-section gutentor-advanced-columns has-color-bg has-custom-bg\"><div class=\"grid-container\"><div class=\"grid-row\">\n<div id=\"section-64ef0100-7b17-43f7-a5d4-26ce82c52491\" class=\"wp-block-gutentor-single-column gutentor-single-column  grid-lg-8 grid-md-8 grid-12\">\n<section id=\"section-1f7bfdc9-84f6-48f7-ad22-6782180e4a88\" class=\"wp-block-gutentor-content-box gutentor-section gutentor-content-box-wrapper content-template1\"><div class=\"grid-container gutentor-rm-ct-space\"><div class=\"grid-row gutentor-grid-item-wrap gutentor-rm-row-space\"><div class=\"gutentor-grid-column grid-lg-12 grid-md-12 grid-12 gutentor-rm-col-space\"><div class=\"gutentor-single-item gutentor-single-item-0\"><div class=\"gutentor-single-item-wrap\"><div class=\"gutentor-single-item-content\"><h3 class=\"gutentor-single-item-title\">S\u0130ZE \u00d6ZEL F\u0130YAT TEKL\u0130F\u0130<\/h3><p class=\"gutentor-single-item-desc\">Size \u00f6zel tekliflerden ve f\u0131rsatlardan haberdar olmak i\u00e7in bize ula\u015fabilirsiniz\u2026<\/p><\/div><\/div><\/div><\/div><\/div><\/div><\/section>\n\n\n\n<p><\/p>\n<\/div>\n\n\n\n<div id=\"section-442005c0-61e4-4bf5-8b6d-8fe488cc70f0\" class=\"wp-block-gutentor-single-column gutentor-single-column  grid-lg-4 grid-md-4 grid-12\">\n<div id=\"section-8f66a1b7-95d7-4f3e-a488-cb66ddf45691\" class=\"wp-block-gutentor-content-box gutentor-section gutentor-content-box-wrapper content-template1 has-color-bg has-custom-bg has-gutentor-overlay\"><div class=\"grid-container gutentor-rm-ct-space\"><div class=\"grid-row gutentor-grid-item-wrap gutentor-rm-row-space\"><div class=\"gutentor-grid-column grid-lg-12 grid-md-12 grid-12 gutentor-rm-col-space\"><div class=\"gutentor-single-item gutentor-single-item-0\"><div class=\"gutentor-single-item-wrap\"><div class=\"gutentor-single-item-content\"><a class=\"gutentor-button gutentor-single-item-button gutentor-icon-hide\" href=\"http:\/\/www.sevinckorkuluk.com\/fiyat-teklifi\/\" rel=\"http:\/\/www.sevinckorkuluk.com\/fiyat-teklifi\/\"><i class=\"gutentor-button-icon fas fa-book\"><\/i><span>TEKL\u0130F AL<\/span><\/a><\/div><\/div><\/div><\/div><\/div><\/div><\/div>\n<\/div>\n<\/div><\/div><\/section>\n\n\n\n<hr class=\"wp-block-separator\"\/>\n\n\n\n<div style=\"height:100px\" aria-hidden=\"true\" class=\"wp-block-spacer\"><\/div>\n","protected":false},"excerpt":{"rendered":"","protected":false},"author":1,"featured_media":0,"parent":0,"menu_order":0,"comment_status":"closed","ping_status":"closed","template":"template-gutentor-full-width.php","meta":{"footnotes":""},"class_list":["post-1077","page","type-page","status-publish","hentry"],"_links":{"self":[{"href":"http:\/\/www.sevinckorkuluk.com\/index.php?rest_route=\/wp\/v2\/pages\/1077","targetHints":{"allow":["GET"]}}],"collection":[{"href":"http:\/\/www.sevinckorkuluk.com\/index.php?rest_route=\/wp\/v2\/pages"}],"about":[{"href":"http:\/\/www.sevinckorkuluk.com\/index.php?rest_route=\/wp\/v2\/types\/page"}],"author":[{"embeddable":true,"href":"http:\/\/www.sevinckorkuluk.com\/index.php?rest_route=\/wp\/v2\/users\/1"}],"replies":[{"embeddable":true,"href":"http:\/\/www.sevinckorkuluk.com\/index.php?rest_route=%2Fwp%2Fv2%2Fcomments&post=1077"}],"version-history":[{"count":0,"href":"http:\/\/www.sevinckorkuluk.com\/index.php?rest_route=\/wp\/v2\/pages\/1077\/revisions"}],"wp:attachment":[{"href":"http:\/\/www.sevinckorkuluk.com\/index.php?rest_route=%2Fwp%2Fv2%2Fmedia&parent=1077"}],"curies":[{"name":"wp","href":"https:\/\/api.w.org\/{rel}","templated":true}]}}