{"id":68,"date":"2020-05-15T05:40:55","date_gmt":"2020-05-15T05:40:55","guid":{"rendered":"https:\/\/demo.keonthemes.com\/gutener\/demo1\/?page_id=344"},"modified":"2022-06-27T20:29:24","modified_gmt":"2022-06-27T20:29:24","slug":"urun-gruplari","status":"publish","type":"page","link":"http:\/\/www.sevinckorkuluk.com\/?page_id=68","title":{"rendered":"\u00dcr\u00fcn Gruplar\u0131"},"content":{"rendered":"\n<section id=\"gmcc9170b\" class=\"wp-block-gutentor-m3 section-gmcc9170b gutentor-module gutentor-container-cover has-color-bg has-custom-bg\"><div class=\"grid-container\">\n<div id=\"section-gd6b2ab\" class=\"wp-block-gutentor-e1 section-gd6b2ab gutentor-element gutentor-element-advanced-text text-align-center-desktop text-align-center-tablet text-align-center-mobile\"><div class=\"gutentor-text-wrap\"><h2 class=\"gutentor-text\">\u00dcr\u00fcn Gruplar\u0131m\u0131z<\/h2><\/div><\/div>\n<\/div><\/section>\n\n\n\n<div style=\"height:80px\" aria-hidden=\"true\" class=\"wp-block-spacer\"><\/div>\n\n\n\n<section id=\"gm1082a05\" class=\"wp-block-gutentor-m2 section-gm1082a05 gutentor-module gutentor-dynamic-columns\"><div class=\"grid-container\"><div class=\"grid-row\">\n<div id=\"col-gm9addbf\" class=\"wp-block-gutentor-m2-col col-gm9addbf gutentor-module gutentor-dynamic-single-column grid-lg-4 grid-md-4 grid-12\"><div id=\"section-gm9addbf\" class=\"section-gm9addbf gutentor-single-col\">\n<figure class=\"wp-block-image size-large\"><img fetchpriority=\"high\" decoding=\"async\" width=\"700\" height=\"467\" src=\"http:\/\/www.sevinckorkuluk.com\/wp-content\/uploads\/2022\/05\/CIT002-700x467.jpg\" alt=\"\" class=\"wp-image-678\" srcset=\"http:\/\/www.sevinckorkuluk.com\/wp-content\/uploads\/2022\/05\/CIT002-700x467.jpg 700w, http:\/\/www.sevinckorkuluk.com\/wp-content\/uploads\/2022\/05\/CIT002-300x200.jpg 300w, http:\/\/www.sevinckorkuluk.com\/wp-content\/uploads\/2022\/05\/CIT002-768x512.jpg 768w, http:\/\/www.sevinckorkuluk.com\/wp-content\/uploads\/2022\/05\/CIT002-1536x1024.jpg 1536w, http:\/\/www.sevinckorkuluk.com\/wp-content\/uploads\/2022\/05\/CIT002-2048x1365.jpg 2048w\" sizes=\"(max-width: 700px) 100vw, 700px\" \/><\/figure>\n\n\n\n<h2 class=\"has-text-align-center wp-block-heading\" style=\"font-size:24px\">Bah\u00e7e \u00c7it Sistemleri<\/h2>\n\n\n\n<div id=\"section-g08643e\" class=\"wp-block-gutentor-e2 section-g08643e gutentor-element gutentor-element-button button-align-center-desktop\"><span class=\"gutentor-button-wrap\"><a class=\"gutentor-button gutentor-block-button gutentor-icon-hide\" href=\"http:\/\/www.sevinckorkuluk.com\/?page_id=1071\"><i class=\"gutentor-button-icon fas fa-book\"><\/i><span>\u00dcr\u00fcn \u00c7e\u015fitleri<\/span><\/a><\/span><\/div>\n<\/div><\/div>\n\n\n\n<div id=\"col-gm7c0a9a\" class=\"wp-block-gutentor-m2-col col-gm7c0a9a gutentor-module gutentor-dynamic-single-column grid-lg-4 grid-md-4 grid-12\"><div id=\"section-gm7c0a9a\" class=\"section-gm7c0a9a gutentor-single-col\">\n<figure class=\"wp-block-image size-large\"><img decoding=\"async\" width=\"700\" height=\"467\" src=\"http:\/\/www.sevinckorkuluk.com\/wp-content\/uploads\/2022\/05\/CAM008-1-700x467.jpg\" alt=\"\" class=\"wp-image-1068\" srcset=\"http:\/\/www.sevinckorkuluk.com\/wp-content\/uploads\/2022\/05\/CAM008-1-700x467.jpg 700w, http:\/\/www.sevinckorkuluk.com\/wp-content\/uploads\/2022\/05\/CAM008-1-300x200.jpg 300w, http:\/\/www.sevinckorkuluk.com\/wp-content\/uploads\/2022\/05\/CAM008-1-768x512.jpg 768w, http:\/\/www.sevinckorkuluk.com\/wp-content\/uploads\/2022\/05\/CAM008-1-1536x1024.jpg 1536w, http:\/\/www.sevinckorkuluk.com\/wp-content\/uploads\/2022\/05\/CAM008-1-2048x1365.jpg 2048w\" sizes=\"(max-width: 700px) 100vw, 700px\" \/><\/figure>\n\n\n\n<h2 class=\"has-text-align-center wp-block-heading\" style=\"font-size:24px\">Caml\u0131 Korkuluk Sistemleri<\/h2>\n\n\n\n<div id=\"section-g41e5d3\" class=\"wp-block-gutentor-e2 section-g41e5d3 gutentor-element gutentor-element-button button-align-center-desktop\"><span class=\"gutentor-button-wrap\"><a class=\"gutentor-button gutentor-block-button gutentor-icon-hide\" href=\"http:\/\/www.sevinckorkuluk.com\/?page_id=1073\"><i class=\"gutentor-button-icon fas fa-book\"><\/i><span>\u00dcr\u00fcn \u00c7e\u015fitleri<\/span><\/a><\/span><\/div>\n<\/div><\/div>\n\n\n\n<div id=\"col-gme52a3d\" class=\"wp-block-gutentor-m2-col col-gme52a3d gutentor-module gutentor-dynamic-single-column grid-lg-4 grid-md-4 grid-12\"><div id=\"section-gme52a3d\" class=\"section-gme52a3d gutentor-single-col\">\n<figure class=\"wp-block-image size-large\"><img decoding=\"async\" width=\"700\" height=\"467\" src=\"http:\/\/www.sevinckorkuluk.com\/wp-content\/uploads\/2022\/05\/DKY002-700x467.jpg\" alt=\"\" class=\"wp-image-682\" srcset=\"http:\/\/www.sevinckorkuluk.com\/wp-content\/uploads\/2022\/05\/DKY002-700x467.jpg 700w, http:\/\/www.sevinckorkuluk.com\/wp-content\/uploads\/2022\/05\/DKY002-300x200.jpg 300w, http:\/\/www.sevinckorkuluk.com\/wp-content\/uploads\/2022\/05\/DKY002-768x512.jpg 768w, http:\/\/www.sevinckorkuluk.com\/wp-content\/uploads\/2022\/05\/DKY002-1536x1024.jpg 1536w, http:\/\/www.sevinckorkuluk.com\/wp-content\/uploads\/2022\/05\/DKY002-2048x1365.jpg 2048w\" sizes=\"(max-width: 700px) 100vw, 700px\" \/><\/figure>\n\n\n\n<h2 class=\"has-text-align-center wp-block-heading\" style=\"font-size:24px\">Dikey Barl\u0131 Sistem<\/h2>\n\n\n\n<div id=\"section-gb5593d\" class=\"wp-block-gutentor-e2 section-gb5593d gutentor-element gutentor-element-button button-align-center-desktop\"><span class=\"gutentor-button-wrap\"><a class=\"gutentor-button gutentor-block-button gutentor-icon-hide\" href=\"http:\/\/www.sevinckorkuluk.com\/?page_id=1075\"><i class=\"gutentor-button-icon fas fa-book\"><\/i><span>\u00dcr\u00fcn \u00c7e\u015fitleri<\/span><\/a><\/span><\/div>\n<\/div><\/div>\n\n\n\n<div id=\"col-gma0767d\" class=\"wp-block-gutentor-m2-col col-gma0767d gutentor-module gutentor-dynamic-single-column grid-lg-4 grid-md-4 grid-12\"><div id=\"section-gma0767d\" class=\"section-gma0767d gutentor-single-col\">\n<div style=\"height:100px\" aria-hidden=\"true\" class=\"wp-block-spacer\"><\/div>\n<\/div><\/div>\n\n\n\n<div id=\"col-gmcbdb29\" class=\"wp-block-gutentor-m2-col col-gmcbdb29 gutentor-module gutentor-dynamic-single-column grid-lg-4 grid-md-4 grid-12\"><div id=\"section-gmcbdb29\" class=\"section-gmcbdb29 gutentor-single-col\">\n<div style=\"height:100px\" aria-hidden=\"true\" class=\"wp-block-spacer\"><\/div>\n<\/div><\/div>\n\n\n\n<div id=\"col-gmadaaad\" class=\"wp-block-gutentor-m2-col col-gmadaaad gutentor-module gutentor-dynamic-single-column grid-lg-4 grid-md-4 grid-12\"><div id=\"section-gmadaaad\" class=\"section-gmadaaad gutentor-single-col\">\n<div style=\"height:100px\" aria-hidden=\"true\" class=\"wp-block-spacer\"><\/div>\n<\/div><\/div>\n<\/div><\/div><\/section>\n\n\n\n<section id=\"gm30eed47\" class=\"wp-block-gutentor-m2 section-gm30eed47 gutentor-module gutentor-dynamic-columns\"><div class=\"grid-container\"><div class=\"grid-row\">\n<div id=\"col-gm439b7c\" class=\"wp-block-gutentor-m2-col col-gm439b7c gutentor-module gutentor-dynamic-single-column grid-lg-4 grid-md-4 grid-12\"><div id=\"section-gm439b7c\" class=\"section-gm439b7c gutentor-single-col\">\n<figure class=\"wp-block-image size-large\"><img loading=\"lazy\" decoding=\"async\" width=\"700\" height=\"467\" src=\"http:\/\/www.sevinckorkuluk.com\/wp-content\/uploads\/2022\/05\/YTY002-700x467.jpg\" alt=\"\" class=\"wp-image-1096\" srcset=\"http:\/\/www.sevinckorkuluk.com\/wp-content\/uploads\/2022\/05\/YTY002-700x467.jpg 700w, http:\/\/www.sevinckorkuluk.com\/wp-content\/uploads\/2022\/05\/YTY002-300x200.jpg 300w, http:\/\/www.sevinckorkuluk.com\/wp-content\/uploads\/2022\/05\/YTY002-768x512.jpg 768w, http:\/\/www.sevinckorkuluk.com\/wp-content\/uploads\/2022\/05\/YTY002-1536x1024.jpg 1536w, http:\/\/www.sevinckorkuluk.com\/wp-content\/uploads\/2022\/05\/YTY002-2048x1365.jpg 2048w\" sizes=\"(max-width: 700px) 100vw, 700px\" \/><\/figure>\n\n\n\n<h2 class=\"has-text-align-center wp-block-heading\" style=\"font-size:24px\">Yatay Barl\u0131 Sistem<\/h2>\n\n\n\n<div id=\"section-g8c3bfe\" class=\"wp-block-gutentor-e2 section-g8c3bfe gutentor-element gutentor-element-button button-align-center-desktop\"><span class=\"gutentor-button-wrap\"><a class=\"gutentor-button gutentor-block-button gutentor-icon-hide\" href=\"http:\/\/www.sevinckorkuluk.com\/?page_id=1077\"><i class=\"gutentor-button-icon fas fa-book\"><\/i><span>\u00dcr\u00fcn \u00c7e\u015fitleri<\/span><\/a><\/span><\/div>\n<\/div><\/div>\n\n\n\n<div id=\"col-gm4ea5b9\" class=\"wp-block-gutentor-m2-col col-gm4ea5b9 gutentor-module gutentor-dynamic-single-column grid-lg-4 grid-md-4 grid-12\"><div id=\"section-gm4ea5b9\" class=\"section-gm4ea5b9 gutentor-single-col\">\n<figure class=\"wp-block-image size-large\"><img loading=\"lazy\" decoding=\"async\" width=\"700\" height=\"467\" src=\"http:\/\/www.sevinckorkuluk.com\/wp-content\/uploads\/2022\/05\/FER004-700x467.jpg\" alt=\"\" class=\"wp-image-683\" srcset=\"http:\/\/www.sevinckorkuluk.com\/wp-content\/uploads\/2022\/05\/FER004-700x467.jpg 700w, http:\/\/www.sevinckorkuluk.com\/wp-content\/uploads\/2022\/05\/FER004-300x200.jpg 300w, http:\/\/www.sevinckorkuluk.com\/wp-content\/uploads\/2022\/05\/FER004-768x512.jpg 768w, http:\/\/www.sevinckorkuluk.com\/wp-content\/uploads\/2022\/05\/FER004-1536x1024.jpg 1536w, http:\/\/www.sevinckorkuluk.com\/wp-content\/uploads\/2022\/05\/FER004-2048x1365.jpg 2048w\" sizes=\"(max-width: 700px) 100vw, 700px\" \/><\/figure>\n\n\n\n<h2 class=\"has-text-align-center wp-block-heading\" style=\"font-size:24px\">Ferforje Korkuluk Sistemleri<\/h2>\n\n\n\n<div id=\"section-g8adf66\" class=\"wp-block-gutentor-e2 section-g8adf66 gutentor-element gutentor-element-button button-align-center-desktop\"><span class=\"gutentor-button-wrap\"><a class=\"gutentor-button gutentor-block-button gutentor-icon-hide\" href=\"http:\/\/www.sevinckorkuluk.com\/?page_id=1079\"><i class=\"gutentor-button-icon fas fa-book\"><\/i><span>\u00dcr\u00fcn \u00c7e\u015fitleri<\/span><\/a><\/span><\/div>\n<\/div><\/div>\n\n\n\n<div id=\"col-gmb81b72\" class=\"wp-block-gutentor-m2-col col-gmb81b72 gutentor-module gutentor-dynamic-single-column grid-lg-4 grid-md-4 grid-12\"><div id=\"section-gmb81b72\" class=\"section-gmb81b72 gutentor-single-col\">\n<figure class=\"wp-block-image size-large\"><img loading=\"lazy\" decoding=\"async\" width=\"700\" height=\"467\" src=\"http:\/\/www.sevinckorkuluk.com\/wp-content\/uploads\/2022\/05\/CAM011-700x467.jpg\" alt=\"\" class=\"wp-image-692\" srcset=\"http:\/\/www.sevinckorkuluk.com\/wp-content\/uploads\/2022\/05\/CAM011-700x467.jpg 700w, http:\/\/www.sevinckorkuluk.com\/wp-content\/uploads\/2022\/05\/CAM011-300x200.jpg 300w, http:\/\/www.sevinckorkuluk.com\/wp-content\/uploads\/2022\/05\/CAM011-768x512.jpg 768w, http:\/\/www.sevinckorkuluk.com\/wp-content\/uploads\/2022\/05\/CAM011-1536x1024.jpg 1536w, http:\/\/www.sevinckorkuluk.com\/wp-content\/uploads\/2022\/05\/CAM011-2048x1365.jpg 2048w\" sizes=\"(max-width: 700px) 100vw, 700px\" \/><\/figure>\n\n\n\n<h2 class=\"has-text-align-center wp-block-heading\" style=\"font-size:24px\">Size \u00d6zel Tasar\u0131mlar<\/h2>\n\n\n\n<div id=\"section-g89a70e\" class=\"wp-block-gutentor-e2 section-g89a70e gutentor-element gutentor-element-button button-align-center-desktop\"><span class=\"gutentor-button-wrap\"><a class=\"gutentor-button gutentor-block-button gutentor-icon-hide\" href=\"http:\/\/www.sevinckorkuluk.com\/?page_id=579\"><i class=\"gutentor-button-icon fas fa-book\"><\/i><span>\u0130leti\u015fim<\/span><\/a><\/span><\/div>\n<\/div><\/div>\n<\/div><\/div><\/section>\n\n\n\n<section id=\"section-de5ab0c4-f957-493d-9e33-a43f12aa40e8\" class=\"wp-block-gutentor-advanced-columns gutentor-section gutentor-advanced-columns has-color-bg has-custom-bg\"><div class=\"grid-container\"><div class=\"grid-row\">\n<div id=\"section-7495d90e-5e3d-4560-bbc7-940867a3cc80\" class=\"wp-block-gutentor-single-column gutentor-single-column  grid-lg-8 grid-md-8 grid-12\">\n<section id=\"section-23bdf0dd-7289-482c-82d8-eb76e97364bd\" class=\"wp-block-gutentor-content-box gutentor-section gutentor-content-box-wrapper content-template1\"><div class=\"grid-container gutentor-rm-ct-space\"><div class=\"grid-row gutentor-grid-item-wrap gutentor-rm-row-space\"><div class=\"gutentor-grid-column grid-lg-12 grid-md-12 grid-12 gutentor-rm-col-space\"><div class=\"gutentor-single-item gutentor-single-item-0\"><div class=\"gutentor-single-item-wrap\"><div class=\"gutentor-single-item-content\"><h3 class=\"gutentor-single-item-title\">S\u0130ZE \u00d6ZEL F\u0130YAT TEKL\u0130F\u0130<\/h3><p class=\"gutentor-single-item-desc\">Size \u00f6zel tekliflerden ve f\u0131rsatlardan haberdar olmak i\u00e7in bize ula\u015fabilirsiniz\u2026<\/p><\/div><\/div><\/div><\/div><\/div><\/div><\/section>\n\n\n\n<p><\/p>\n<\/div>\n\n\n\n<div id=\"section-d0cad1fe-f68e-442b-9ed5-3db1871b76ea\" class=\"wp-block-gutentor-single-column gutentor-single-column  grid-lg-4 grid-md-4 grid-12\">\n<div id=\"section-11c63181-2775-43f5-aa87-52d33cb3354d\" class=\"wp-block-gutentor-content-box gutentor-section gutentor-content-box-wrapper content-template1 has-color-bg has-custom-bg has-gutentor-overlay\"><div class=\"grid-container gutentor-rm-ct-space\"><div class=\"grid-row gutentor-grid-item-wrap gutentor-rm-row-space\"><div class=\"gutentor-grid-column grid-lg-12 grid-md-12 grid-12 gutentor-rm-col-space\"><div class=\"gutentor-single-item gutentor-single-item-0\"><div class=\"gutentor-single-item-wrap\"><div class=\"gutentor-single-item-content\"><a class=\"gutentor-button gutentor-single-item-button gutentor-icon-hide\" href=\"http:\/\/www.sevinckorkuluk.com\/?page_id=579\" rel=\"http:\/\/www.sevinckorkuluk.com\/fiyat-teklifi\/\"><i class=\"gutentor-button-icon fas fa-book\"><\/i><span>TEKL\u0130F AL<\/span><\/a><\/div><\/div><\/div><\/div><\/div><\/div><\/div>\n<\/div>\n<\/div><\/div><\/section>\n\n\n\n<hr class=\"wp-block-separator has-css-opacity\"\/>\n\n\n\n<div style=\"height:100px\" aria-hidden=\"true\" class=\"wp-block-spacer\"><\/div>\n","protected":false},"excerpt":{"rendered":"","protected":false},"author":1,"featured_media":0,"parent":0,"menu_order":0,"comment_status":"closed","ping_status":"closed","template":"template-gutentor-full-width.php","meta":{"footnotes":""},"class_list":["post-68","page","type-page","status-publish","hentry"],"_links":{"self":[{"href":"http:\/\/www.sevinckorkuluk.com\/index.php?rest_route=\/wp\/v2\/pages\/68","targetHints":{"allow":["GET"]}}],"collection":[{"href":"http:\/\/www.sevinckorkuluk.com\/index.php?rest_route=\/wp\/v2\/pages"}],"about":[{"href":"http:\/\/www.sevinckorkuluk.com\/index.php?rest_route=\/wp\/v2\/types\/page"}],"author":[{"embeddable":true,"href":"http:\/\/www.sevinckorkuluk.com\/index.php?rest_route=\/wp\/v2\/users\/1"}],"replies":[{"embeddable":true,"href":"http:\/\/www.sevinckorkuluk.com\/index.php?rest_route=%2Fwp%2Fv2%2Fcomments&post=68"}],"version-history":[{"count":0,"href":"http:\/\/www.sevinckorkuluk.com\/index.php?rest_route=\/wp\/v2\/pages\/68\/revisions"}],"wp:attachment":[{"href":"http:\/\/www.sevinckorkuluk.com\/index.php?rest_route=%2Fwp%2Fv2%2Fmedia&parent=68"}],"curies":[{"name":"wp","href":"https:\/\/api.w.org\/{rel}","templated":true}]}}