{"id":72,"date":"2020-05-14T12:42:54","date_gmt":"2020-05-14T12:42:54","guid":{"rendered":"https:\/\/demo.keonthemes.com\/gutener\/demo1\/?page_id=339"},"modified":"2022-07-06T14:25:59","modified_gmt":"2022-07-06T14:25:59","slug":"hakkimizda","status":"publish","type":"page","link":"http:\/\/www.sevinckorkuluk.com\/?page_id=72","title":{"rendered":"Hakk\u0131m\u0131zda"},"content":{"rendered":"\n<section id=\"gmf0abc0a\" class=\"wp-block-gutentor-m3 section-gmf0abc0a gutentor-module gutentor-container-cover has-color-bg has-custom-bg\"><div class=\"grid-container\">\n<div id=\"section-g7981ef\" class=\"wp-block-gutentor-e1 section-g7981ef gutentor-element gutentor-element-advanced-text text-align-center-desktop text-align-center-tablet text-align-center-mobile\"><div class=\"gutentor-text-wrap\"><h2 class=\"gutentor-text\">Kurumsal<\/h2><\/div><\/div>\n<\/div><\/section>\n\n\n\n<section id=\"gm282c87a\" class=\"wp-block-gutentor-m3 section-gm282c87a gutentor-module gutentor-container-cover has-image-bg has-custom-bg g-pos-r-desktop g-pos-d-tablet g-pos-d-mobile g-pos-custom-desktop\"><div class=\"grid-container gutentor-rm-ct-space-d gutentor-rm-ct-space-t gutentor-rm-ct-space\">\n<section id=\"section-18858b79-11e8-4eb8-a444-8aa720921368\" class=\"wp-block-gutentor-advanced-columns gutentor-section gutentor-advanced-columns g-pos-r-desktop g-pos-d-tablet g-pos-d-mobile\"><div class=\"grid-container\"><div class=\"grid-row\">\n<section id=\"section-6ae2b4d8-3be9-48f3-bd2c-d63f690cafe6\" class=\"wp-block-gutentor-single-column gutentor-single-column  grid-lg-6 grid-md-12 grid-12\">\n<div id=\"section-g6441ad\" class=\"wp-block-gutentor-e6 section-g6441ad gutentor-element gutentor-element-image g-pos-r-desktop g-pos-r-tablet g-pos-r-mobile g-pos-custom-desktop g-pos-custom-tablet g-pos-custom-mobile gutentor-enabled-width\"><div class=\"gutentor-element-image-box\"><div class=\"gutentor-bg-image\"><div class=\"overlay\"><\/div><\/div><\/div><\/div>\n\n\n\n<div id=\"section-g16a411\" class=\"wp-block-gutentor-e6 section-g16a411 gutentor-element gutentor-element-image g-pos-a-desktop g-pos-a-tablet g-pos-a-mobile g-pos-custom-desktop g-pos-custom-tablet g-pos-custom-mobile gutentor-enabled-width\"><div class=\"gutentor-element-image-box\"><div class=\"gutentor-bg-image\"><div class=\"overlay\"><\/div><\/div><\/div><\/div>\n<\/section>\n\n\n\n<section id=\"section-9dd57e14-dd1c-4fd6-9dcb-20a6bbc80c87\" class=\"wp-block-gutentor-single-column gutentor-single-column  grid-lg-6 grid-md-12 grid-12\">\n<div id=\"section-gd5694e\" class=\"wp-block-gutentor-e1 section-gd5694e gutentor-element gutentor-element-advanced-text gutentor-width-enabled enable-title-design\"><div class=\"gutentor-text-wrap divider-bottom\"><h3 class=\"gutentor-text\"><\/h3><div class=\"gutentor-separator gutentor-separator-after border-solid\"><\/div><\/div><\/div>\n\n\n\n<section id=\"section-cfc8d5c5-f789-4d05-8a8f-2319d1f01949\" class=\"wp-block-gutentor-content-box gutentor-section gutentor-content-box-wrapper content-template1\"><div class=\"grid-container\"><div class=\"grid-row gutentor-grid-item-wrap\"><div class=\"gutentor-grid-column grid-lg-12 grid-md-12 grid-12\"><div class=\"gutentor-single-item gutentor-single-item-0\"><div class=\"gutentor-single-item-wrap\"><div class=\"gutentor-single-item-content\"><h2 class=\"gutentor-single-item-title\">De\u011fer Kat\u0131yoruz.<\/h2><p class=\"gutentor-single-item-desc\">2004 y\u0131l\u0131nda in\u015faat sekt\u00f6r\u00fcnde i\u015f hayat\u0131na ba\u015flayan firmam\u0131z, \u00f6zellikle korkuluk \u00fcretimi, tasar\u0131m\u0131 ve montaj\u0131nda uzmanla\u015fm\u0131\u015ft\u0131r.<br>\u00dcretti\u011fi farkl\u0131 tasar\u0131mlar, yenilik\u00e7i fikirler ve mimari \u00e7\u00f6z\u00fcmlerle sekt\u00f6r\u00fcn \u00f6nde gelen firmalar\u0131ndan biri olmu\u015ftur. Korkuluk harici projelerde hafif \u00e7elik i\u015fleri de yaparak \u00fcr\u00fcn yelpazesini geli\u015ftirmi\u015ftir. Al\u00fcminyum, Cam, Metal, Paslanmaz \u00c7elik malzemelerin hepsini kullanabilme ekibine ve ekipman\u0131na sahip oldu\u011fumuzdan farkl\u0131 taleplere cevap verebilmekteyiz. Uygulama alan\u0131nda beklenen talepleri do\u011fru anlay\u0131p, y\u00fcksek kalite, zaman\u0131nda i\u015f teslimi, \u00fcr\u00fcn yelpazesinin geni\u015fli\u011fi, sat\u0131\u015f sonras\u0131 hizmet anlay\u0131\u015f\u0131 ile bir \u00e7ok say\u0131l\u0131 marka projede rol alm\u0131\u015ft\u0131r. En \u00f6nemli ilkelerimizden olan ; m\u00fc\u015fteri memnuniyeti, g\u00fcvenilirlik ve yenilik\u00e7ilik ile \u00e7al\u0131\u015fmalar\u0131m\u0131za devam etmekteyiz.<br>2010 y\u0131l\u0131nda ALURA\u0130L markas\u0131n\u0131n ve 2013 y\u0131l\u0131nda ALUMINCO markas\u0131n\u0131n bayiliklerini alarak sekt\u00f6rde inovatif \u00fcr\u00fcn yelpazesini geni\u015fletmi\u015f, 2016 y\u0131l\u0131nda b\u00fcnyemizde Elektrostatik Toz Boyama Tesisi kurarak kalitemize ve h\u0131z\u0131m\u0131za art\u0131 bir de\u011fer kazand\u0131rm\u0131\u015f bulunmaktay\u0131z. S\u00fcrekli kendimizle yar\u0131\u015farak \u00e7izgisinden taviz vermeyen firmam\u0131z al\u00fcminyum, paslanmaz, cam, pleksi, demir ve pirin\u00e7 korkuluk \u00fcretimi ile montaj\u0131nda uzman ekibi ile siz de\u011ferli m\u00fc\u015fterilerine hizmet etmekten gurur duyar.<\/p><a class=\"gutentor-button gutentor-single-item-button gutentor-icon-hide\" href=\"http:\/\/www.sevinckorkuluk.com\/?page_id=76\"><i class=\"gutentor-button-icon fas fa-book\"><\/i><span>\u0130leti\u015fime Ge\u00e7<\/span><\/a><\/div><\/div><\/div><\/div><\/div><\/div><\/section>\n<\/section>\n<\/div><\/div><\/section>\n<\/div><\/section>\n\n\n\n<div style=\"height:100px\" aria-hidden=\"true\" class=\"wp-block-spacer\"><\/div>\n\n\n\n<p><\/p>\n","protected":false},"excerpt":{"rendered":"","protected":false},"author":1,"featured_media":0,"parent":0,"menu_order":0,"comment_status":"closed","ping_status":"closed","template":"template-gutentor-full-width.php","meta":{"footnotes":""},"class_list":["post-72","page","type-page","status-publish","hentry"],"_links":{"self":[{"href":"http:\/\/www.sevinckorkuluk.com\/index.php?rest_route=\/wp\/v2\/pages\/72","targetHints":{"allow":["GET"]}}],"collection":[{"href":"http:\/\/www.sevinckorkuluk.com\/index.php?rest_route=\/wp\/v2\/pages"}],"about":[{"href":"http:\/\/www.sevinckorkuluk.com\/index.php?rest_route=\/wp\/v2\/types\/page"}],"author":[{"embeddable":true,"href":"http:\/\/www.sevinckorkuluk.com\/index.php?rest_route=\/wp\/v2\/users\/1"}],"replies":[{"embeddable":true,"href":"http:\/\/www.sevinckorkuluk.com\/index.php?rest_route=%2Fwp%2Fv2%2Fcomments&post=72"}],"version-history":[{"count":0,"href":"http:\/\/www.sevinckorkuluk.com\/index.php?rest_route=\/wp\/v2\/pages\/72\/revisions"}],"wp:attachment":[{"href":"http:\/\/www.sevinckorkuluk.com\/index.php?rest_route=%2Fwp%2Fv2%2Fmedia&parent=72"}],"curies":[{"name":"wp","href":"https:\/\/api.w.org\/{rel}","templated":true}]}}